{"id":82606,"date":"2020-07-06T15:47:39","date_gmt":"2020-07-06T13:47:39","guid":{"rendered":"http:\/\/cameleoneye.com\/?page_id=82606"},"modified":"2020-07-08T17:00:37","modified_gmt":"2020-07-08T15:00:37","slug":"cameleon-eye-portfolio-simple","status":"publish","type":"page","link":"https:\/\/cameleoneye.com\/","title":{"rendered":"Cameleon Eye Portfolio"},"content":{"rendered":"<p>[vc_row unlock_row=&#8221;&#8221; row_height_percent=&#8221;0&#8243; override_padding=&#8221;yes&#8221; h_padding=&#8221;2&#8243; top_padding=&#8221;3&#8243; bottom_padding=&#8221;0&#8243; overlay_alpha=&#8221;50&#8243; gutter_size=&#8221;3&#8243; column_width_percent=&#8221;100&#8243; shift_y=&#8221;0&#8243; z_index=&#8221;0&#8243;][vc_column column_width_percent=&#8221;100&#8243; align_horizontal=&#8221;align_center&#8221; gutter_size=&#8221;3&#8243; overlay_alpha=&#8221;50&#8243; shift_x=&#8221;0&#8243; shift_y=&#8221;0&#8243; shift_y_down=&#8221;0&#8243; z_index=&#8221;0&#8243; medium_width=&#8221;0&#8243; mobile_width=&#8221;0&#8243; zoom_width=&#8221;0&#8243; zoom_height=&#8221;0&#8243; width=&#8221;1\/1&#8243;][vc_custom_heading text_weight=&#8221;400&#8243;]<strong><span style=\"color: #98c457;\">Przejrzyj<\/span><\/strong> niekt\u00f3re realizacje CameleonEye[\/vc_custom_heading][\/vc_column][\/vc_row][vc_row unlock_row=&#8221;&#8221; row_height_percent=&#8221;0&#8243; override_padding=&#8221;yes&#8221; h_padding=&#8221;2&#8243; top_padding=&#8221;3&#8243; bottom_padding=&#8221;3&#8243; overlay_alpha=&#8221;50&#8243; gutter_size=&#8221;3&#8243; column_width_percent=&#8221;100&#8243; shift_y=&#8221;0&#8243; z_index=&#8221;0&#8243;][vc_column column_width_percent=&#8221;100&#8243; gutter_size=&#8221;3&#8243; overlay_alpha=&#8221;50&#8243; shift_x=&#8221;0&#8243; shift_y=&#8221;0&#8243; medium_width=&#8221;0&#8243; zoom_width=&#8221;0&#8243; zoom_height=&#8221;0&#8243; width=&#8221;1\/1&#8243;][uncode_index el_id=&#8221;index-580518&#8243; index_type=&#8221;carousel&#8221; loop=&#8221;size:4|order_by:rand|post_type:portfolio|tax_query:103&#8243; carousel_lg=&#8221;4&#8243; carousel_md=&#8221;4&#8243; carousel_sm=&#8221;1&#8243; gutter_size=&#8221;3&#8243; portfolio_items=&#8221;media|featured|onpost|original,detail-677380,title,icon|md&#8221; carousel_interval=&#8221;3000&#8243; carousel_navspeed=&#8221;400&#8243; stage_padding=&#8221;0&#8243; single_overlay_opacity=&#8221;50&#8243; single_h_align=&#8221;center&#8221; single_padding=&#8221;2&#8243; single_border=&#8221;yes&#8221; single_icon=&#8221;fa fa-eye2&#8243;][\/vc_column][\/vc_row][vc_row unlock_row=&#8221;&#8221; row_height_percent=&#8221;0&#8243; override_padding=&#8221;yes&#8221; h_padding=&#8221;1&#8243; top_padding=&#8221;2&#8243; bottom_padding=&#8221;4&#8243; overlay_alpha=&#8221;50&#8243; gutter_size=&#8221;3&#8243; column_width_percent=&#8221;100&#8243; shift_y=&#8221;0&#8243; z_index=&#8221;0&#8243;][vc_column column_width_percent=&#8221;100&#8243; align_horizontal=&#8221;align_center&#8221; gutter_size=&#8221;3&#8243; overlay_alpha=&#8221;50&#8243; shift_x=&#8221;0&#8243; shift_y=&#8221;0&#8243; shift_y_down=&#8221;0&#8243; z_index=&#8221;0&#8243; medium_width=&#8221;0&#8243; mobile_width=&#8221;0&#8243; zoom_width=&#8221;0&#8243; zoom_height=&#8221;0&#8243; width=&#8221;1\/1&#8243;][vc_custom_heading text_weight=&#8221;400&#8243;]<strong><span style=\"color: #98c457;\">Rzu\u0107 okiem <\/span><\/strong>na to, co robimy[\/vc_custom_heading][\/vc_column][\/vc_row][vc_row row_height_percent=&#8221;0&#8243; override_padding=&#8221;yes&#8221; h_padding=&#8221;2&#8243; top_padding=&#8221;0&#8243; bottom_padding=&#8221;0&#8243; overlay_alpha=&#8221;50&#8243; gutter_size=&#8221;3&#8243; shift_y=&#8221;0&#8243;][vc_column column_width_percent=&#8221;100&#8243; gutter_size=&#8221;3&#8243; overlay_alpha=&#8221;50&#8243; shift_x=&#8221;0&#8243; shift_y=&#8221;0&#8243; medium_width=&#8221;0&#8243; zoom_width=&#8221;0&#8243; zoom_height=&#8221;0&#8243; width=&#8221;1\/1&#8243;][vc_gallery el_id=&#8221;gallery-499196&#8243; isotope_mode=&#8221;packery&#8221; random=&#8221;yes&#8221; medias=&#8221;82833,82832,82831,82830,82829,82828,82827,82826,82825,82824,82823,82822,82821,82820,82819,82818,82817,82816,82815,82814,82813,82812,82811,82810,82809,82807,82806,82805,82804,82803,82802,82801,82800,82799,82798,82796,82795,82794,82793,82792,82791,82790,82789,82788,82787,82786,82785,82784,82783,82782,82781,82780,82779,82777,82776,82775&#8243; filtering=&#8221;yes&#8221; gutter_size=&#8221;3&#8243; media_items=&#8221;media|custom_link|original,icon|xl&#8221; screen_lg=&#8221;1000&#8243; screen_md=&#8221;600&#8243; screen_sm=&#8221;480&#8243; single_overlay_opacity=&#8221;50&#8243; single_h_align=&#8221;center&#8221; single_padding=&#8221;2&#8243; single_icon=&#8221;fa fa-eye2&#8243; single_border=&#8221;yes&#8221; title=&#8221;Screenshots Carousel&#8221; items=&#8221;eyI4MjgzM19pIjp7InNpbmdsZV9saW5rIjoidXJsOmh0dHAlM0ElMkYlMkZ3cGRldjEubWFjaGluZXJpb3QuaW8lMkYlM0Zwb3J0Zm9saW8lM0Rwcm1zb2Z0d2FyZS1ldS0yfHx8Iiwic2luZ2xlX3dpZHRoIjoiNCJ9LCI4MjgzMl9pIjp7InNpbmdsZV9saW5rIjoidXJsOmh0dHAlM0ElMkYlMkZ3cGRldjEubWFjaGluZXJpb3QuaW8lMkYlM0Zwb3J0Zm9saW8lM0Rwcm1zb2Z0d2FyZS1ldS0yfHx8Iiwic2luZ2xlX3dpZHRoIjoiNCJ9LCI4MjgzMV9pIjp7InNpbmdsZV9saW5rIjoidXJsOmh0dHAlM0ElMkYlMkZ3cGRldjEubWFjaGluZXJpb3QuaW8lMkYlM0Zwb3J0Zm9saW8lM0Rwcm1zb2Z0d2FyZS1ldS0yfHx8Iiwic2luZ2xlX3dpZHRoIjoiNCJ9LCI4MjgyNl9pIjp7InNpbmdsZV9saW5rIjoidXJsOmh0dHAlM0ElMkYlMkZ3cGRldjEubWFjaGluZXJpb3QuaW8lMkYlM0Zwb3J0Zm9saW8lM0Rwcm1zb2Z0d2FyZS1ldS0yfHx8In0sIjgyODI3X2kiOnsic2luZ2xlX2xpbmsiOiJ1cmw6aHR0cCUzQSUyRiUyRndwZGV2MS5tYWNoaW5lcmlvdC5pbyUyRiUzRnBvcnRmb2xpbyUzRHBybXNvZnR3YXJlLWV1LTJ8fHwifSwiODI4MjhfaSI6eyJzaW5nbGVfbGluayI6InVybDpodHRwJTNBJTJGJTJGd3BkZXYxLm1hY2hpbmVyaW90LmlvJTJGJTNGcG9ydGZvbGlvJTNEcHJtc29mdHdhcmUtZXUtMnx8fCJ9LCI4MjgyOV9pIjp7InNpbmdsZV9saW5rIjoidXJsOmh0dHAlM0ElMkYlMkZ3cGRldjEubWFjaGluZXJpb3QuaW8lMkYlM0Zwb3J0Zm9saW8lM0Rwcm1zb2Z0d2FyZS1ldS0yfHx8In0sIjgyODMwX2kiOnsic2luZ2xlX2xpbmsiOiJ1cmw6aHR0cCUzQSUyRiUyRndwZGV2MS5tYWNoaW5lcmlvdC5pbyUyRiUzRnBvcnRmb2xpbyUzRHBybXNvZnR3YXJlLWV1LTJ8fHwifSwiODI3NzVfaSI6eyJzaW5nbGVfbGluayI6InVybDpodHRwJTNBJTJGJTJGd3BkZXYxLm1hY2hpbmVyaW90LmlvJTJGJTNGcG9ydGZvbGlvJTNEc2tyYXZraS1ldXx8fCJ9LCI4Mjc3Nl9pIjp7InNpbmdsZV9saW5rIjoidXJsOmh0dHAlM0ElMkYlMkZ3cGRldjEubWFjaGluZXJpb3QuaW8lMkYlM0Zwb3J0Zm9saW8lM0Rza3JhdmtpLWV1fHx8In0sIjgyNzc3X2kiOnsic2luZ2xlX2xpbmsiOiJ1cmw6aHR0cCUzQSUyRiUyRndwZGV2MS5tYWNoaW5lcmlvdC5pbyUyRiUzRnBvcnRmb2xpbyUzRHNrcmF2a2ktZXV8fHwifSwiODI3NzlfaSI6eyJzaW5nbGVfbGluayI6InVybDpodHRwJTNBJTJGJTJGd3BkZXYxLm1hY2hpbmVyaW90LmlvJTJGJTNGcG9ydGZvbGlvJTNEc2tyYXZraS1ldXx8fCJ9LCI4Mjc4MF9pIjp7InNpbmdsZV9saW5rIjoidXJsOmh0dHAlM0ElMkYlMkZ3cGRldjEubWFjaGluZXJpb3QuaW8lMkYlM0Zwb3J0Zm9saW8lM0Rza3JhdmtpLWV1fHx8In0sIjgyNzgxX2kiOnsic2luZ2xlX2xpbmsiOiJ1cmw6aHR0cCUzQSUyRiUyRndwZGV2MS5tYWNoaW5lcmlvdC5pbyUyRiUzRnBvcnRmb2xpbyUzRHNrcmF2a2ktZXV8fHwifSwiODI3ODJfaSI6eyJzaW5nbGVfbGluayI6InVybDpodHRwJTNBJTJGJTJGd3BkZXYxLm1hY2hpbmVyaW90LmlvJTJGJTNGcG9ydGZvbGlvJTNEc2tyYXZraS1ldXx8fCJ9LCI4Mjc4M19pIjp7InNpbmdsZV9saW5rIjoidXJsOmh0dHAlM0ElMkYlMkZ3cGRldjEubWFjaGluZXJpb3QuaW8lMkYlM0Zwb3J0Zm9saW8lM0Rza3JhdmtpLWV1fHx8In0sIjgyNzg0X2kiOnsic2luZ2xlX2xpbmsiOiJ1cmw6aHR0cCUzQSUyRiUyRndwZGV2MS5tYWNoaW5lcmlvdC5pbyUyRiUzRnBvcnRmb2xpbyUzRHNrcmF2a2ktZXV8fHwifSwiODI3ODVfaSI6eyJzaW5nbGVfbGluayI6InVybDpodHRwJTNBJTJGJTJGd3BkZXYxLm1hY2hpbmVyaW90LmlvJTJGJTNGcG9ydGZvbGlvJTNEc2tyYXZraS1ldXx8fCJ9LCI4Mjc4Nl9pIjp7InNpbmdsZV9saW5rIjoidXJsOmh0dHAlM0ElMkYlMkZ3cGRldjEubWFjaGluZXJpb3QuaW8lMkYlM0Zwb3J0Zm9saW8lM0Rza3JhdmtpLWV1fHx8In0sIjgyNzg3X2kiOnsic2luZ2xlX2xpbmsiOiJ1cmw6aHR0cCUzQSUyRiUyRndwZGV2MS5tYWNoaW5lcmlvdC5pbyUyRiUzRnBvcnRmb2xpbyUzRHNrcmF2a2ktZXV8fHwifSwiODI3ODhfaSI6eyJzaW5nbGVfbGluayI6InVybDpodHRwJTNBJTJGJTJGd3BkZXYxLm1hY2hpbmVyaW90LmlvJTJGJTNGcG9ydGZvbGlvJTNEc2tyYXZraS1ldXx8fCJ9LCI4Mjc4OV9pIjp7InNpbmdsZV9saW5rIjoidXJsOmh0dHAlM0ElMkYlMkZ3cGRldjEubWFjaGluZXJpb3QuaW8lMkYlM0Zwb3J0Zm9saW8lM0Rza3JhdmtpLWV1fHx8In0sIjgyNzkwX2kiOnsic2luZ2xlX2xpbmsiOiJ1cmw6aHR0cCUzQSUyRiUyRndwZGV2MS5tYWNoaW5lcmlvdC5pbyUyRiUzRnBvcnRmb2xpbyUzRHNrcmF2a2ktZXV8fHwifSwiODI3OTFfaSI6eyJzaW5nbGVfbGluayI6InVybDpodHRwJTNBJTJGJTJGd3BkZXYxLm1hY2hpbmVyaW90LmlvJTJGJTNGcG9ydGZvbGlvJTNEc2tyYXZraS1ldXx8fCJ9LCI4Mjc5Ml9pIjp7InNpbmdsZV9saW5rIjoidXJsOmh0dHAlM0ElMkYlMkZ3cGRldjEubWFjaGluZXJpb3QuaW8lMkYlM0Zwb3J0Zm9saW8lM0Rza3JhdmtpLWV1fHx8In0sIjgyNzkzX2kiOnsic2luZ2xlX2xpbmsiOiJ1cmw6aHR0cCUzQSUyRiUyRndwZGV2MS5tYWNoaW5lcmlvdC5pbyUyRiUzRnBvcnRmb2xpbyUzRHNrcmF2a2ktZXV8fHwifSwiODI3OTRfaSI6eyJzaW5nbGVfbGluayI6InVybDpodHRwJTNBJTJGJTJGd3BkZXYxLm1hY2hpbmVyaW90LmlvJTJGJTNGcG9ydGZvbGlvJTNEc2tyYXZraS1ldXx8fCJ9LCI4Mjc5NV9pIjp7InNpbmdsZV9saW5rIjoidXJsOmh0dHAlM0ElMkYlMkZ3cGRldjEubWFjaGluZXJpb3QuaW8lMkYlM0Zwb3J0Zm9saW8lM0Rza3JhdmtpLWV1fHx8In0sIjgyNzk2X2kiOnsic2luZ2xlX2xpbmsiOiJ1cmw6aHR0cCUzQSUyRiUyRndwZGV2MS5tYWNoaW5lcmlvdC5pbyUyRiUzRnBvcnRmb2xpbyUzRHNrcmF2a2ktZXV8fHwifSwiODI4MDNfaSI6eyJzaW5nbGVfbGluayI6InVybDpodHRwJTNBJTJGJTJGd3BkZXYxLm1hY2hpbmVyaW90LmlvJTJGJTNGcG9ydGZvbGlvJTNEc2tyYXZraS1ldXx8fCJ9LCI4MjgwNF9pIjp7InNpbmdsZV9saW5rIjoidXJsOmh0dHAlM0ElMkYlMkZ3cGRldjEubWFjaGluZXJpb3QuaW8lMkYlM0Zwb3J0Zm9saW8lM0Rza3JhdmtpLWV1fHx8In0sIjgyODA1X2kiOnsic2luZ2xlX2xpbmsiOiJ1cmw6aHR0cCUzQSUyRiUyRndwZGV2MS5tYWNoaW5lcmlvdC5pbyUyRiUzRnBvcnRmb2xpbyUzRHNrcmF2a2ktZXV8fHwifSwiODI4MDZfaSI6eyJzaW5nbGVfbGluayI6InVybDpodHRwJTNBJTJGJTJGd3BkZXYxLm1hY2hpbmVyaW90LmlvJTJGJTNGcG9ydGZvbGlvJTNEc2tyYXZraS1ldXx8fCJ9LCI4MjgwN19pIjp7InNpbmdsZV9saW5rIjoidXJsOmh0dHAlM0ElMkYlMkZ3cGRldjEubWFjaGluZXJpb3QuaW8lMkYlM0Zwb3J0Zm9saW8lM0Rza3JhdmtpLWV1fHx8In0sIjgyODI1X2kiOnsic2luZ2xlX2xpbmsiOiJ1cmw6aHR0cCUzQSUyRiUyRndwZGV2MS5tYWNoaW5lcmlvdC5pbyUyRiUzRnBvcnRmb2xpbyUzRG1hY2hpbmVyaW90LWlvfHx8In0sIjgyODE1X2kiOnsic2luZ2xlX2xpbmsiOiJ1cmw6aHR0cCUzQSUyRiUyRndwZGV2MS5tYWNoaW5lcmlvdC5pbyUyRiUzRnBvcnRmb2xpbyUzRG1hY2hpbmVyaW90LWlvfHx8In0sIjgyODE2X2kiOnsic2luZ2xlX2xpbmsiOiJ1cmw6aHR0cCUzQSUyRiUyRndwZGV2MS5tYWNoaW5lcmlvdC5pbyUyRiUzRnBvcnRmb2xpbyUzRG1hY2hpbmVyaW90LWlvfHx8In0sIjgyODE3X2kiOnsic2luZ2xlX2xpbmsiOiJ1cmw6aHR0cCUzQSUyRiUyRndwZGV2MS5tYWNoaW5lcmlvdC5pbyUyRiUzRnBvcnRmb2xpbyUzRG1hY2hpbmVyaW90LWlvfHx8In0sIjgyODE4X2kiOnsic2luZ2xlX2xpbmsiOiJ1cmw6aHR0cCUzQSUyRiUyRndwZGV2MS5tYWNoaW5lcmlvdC5pbyUyRiUzRnBvcnRmb2xpbyUzRG1hY2hpbmVyaW90LWlvfHx8In0sIjgyODE5X2kiOnsic2luZ2xlX2xpbmsiOiJ1cmw6aHR0cCUzQSUyRiUyRndwZGV2MS5tYWNoaW5lcmlvdC5pbyUyRiUzRnBvcnRmb2xpbyUzRG1hY2hpbmVyaW90LWlvfHx8In0sIjgyODIwX2kiOnsic2luZ2xlX2xpbmsiOiJ1cmw6aHR0cCUzQSUyRiUyRndwZGV2MS5tYWNoaW5lcmlvdC5pbyUyRiUzRnBvcnRmb2xpbyUzRG1hY2hpbmVyaW90LWlvfHx8In0sIjgyODIxX2kiOnsic2luZ2xlX2xpbmsiOiJ1cmw6aHR0cCUzQSUyRiUyRndwZGV2MS5tYWNoaW5lcmlvdC5pbyUyRiUzRnBvcnRmb2xpbyUzRG1hY2hpbmVyaW90LWlvfHx8In0sIjgyODIyX2kiOnsic2luZ2xlX2xpbmsiOiJ1cmw6aHR0cCUzQSUyRiUyRndwZGV2MS5tYWNoaW5lcmlvdC5pbyUyRiUzRnBvcnRmb2xpbyUzRG1hY2hpbmVyaW90LWlvfHx8In0sIjgyODIzX2kiOnsic2luZ2xlX2xpbmsiOiJ1cmw6aHR0cCUzQSUyRiUyRndwZGV2MS5tYWNoaW5lcmlvdC5pbyUyRiUzRnBvcnRmb2xpbyUzRG1hY2hpbmVyaW90LWlvfHx8In0sIjgyODI0X2kiOnsic2luZ2xlX2xpbmsiOiJ1cmw6aHR0cCUzQSUyRiUyRndwZGV2MS5tYWNoaW5lcmlvdC5pbyUyRiUzRnBvcnRmb2xpbyUzRG1hY2hpbmVyaW90LWlvfHx8In0sIjgyNzk4X2kiOnsic2luZ2xlX2xpbmsiOiJ1cmw6aHR0cCUzQSUyRiUyRndwZGV2MS5tYWNoaW5lcmlvdC5pbyUyRiUzRnBvcnRmb2xpbyUzRGFwcGxpdG9waWEtY29tfHx8In0sIjgyNzk5X2kiOnsic2luZ2xlX2xpbmsiOiJ1cmw6aHR0cCUzQSUyRiUyRndwZGV2MS5tYWNoaW5lcmlvdC5pbyUyRiUzRnBvcnRmb2xpbyUzRGFwcGxpdG9waWEtY29tfHx8In0sIjgyODAwX2kiOnsic2luZ2xlX2xpbmsiOiJ1cmw6aHR0cCUzQSUyRiUyRndwZGV2MS5tYWNoaW5lcmlvdC5pbyUyRiUzRnBvcnRmb2xpbyUzRGFwcGxpdG9waWEtY29tfHx8In0sIjgyODAxX2kiOnsic2luZ2xlX2xpbmsiOiJ1cmw6aHR0cCUzQSUyRiUyRndwZGV2MS5tYWNoaW5lcmlvdC5pbyUyRiUzRnBvcnRmb2xpbyUzRGFwcGxpdG9waWEtY29tfHx8In0sIjgyODAyX2kiOnsic2luZ2xlX2xpbmsiOiJ1cmw6aHR0cCUzQSUyRiUyRndwZGV2MS5tYWNoaW5lcmlvdC5pbyUyRiUzRnBvcnRmb2xpbyUzRGFwcGxpdG9waWEtY29tfHx8In0sIjgyODA5X2kiOnsic2luZ2xlX2xpbmsiOiJ1cmw6aHR0cCUzQSUyRiUyRndwZGV2MS5tYWNoaW5lcmlvdC5pbyUyRiUzRnBvcnRmb2xpbyUzRGFwcGxpdG9waWEtY29tfHx8In0sIjgyODEwX2kiOnsic2luZ2xlX2xpbmsiOiJ1cmw6aHR0cCUzQSUyRiUyRndwZGV2MS5tYWNoaW5lcmlvdC5pbyUyRiUzRnBvcnRmb2xpbyUzRGFwcGxpdG9waWEtY29tfHx8In0sIjgyODExX2kiOnsic2luZ2xlX2xpbmsiOiJ1cmw6aHR0cCUzQSUyRiUyRndwZGV2MS5tYWNoaW5lcmlvdC5pbyUyRiUzRnBvcnRmb2xpbyUzRGFwcGxpdG9waWEtY29tfHx8In0sIjgyODEyX2kiOnsic2luZ2xlX2xpbmsiOiJ1cmw6aHR0cCUzQSUyRiUyRndwZGV2MS5tYWNoaW5lcmlvdC5pbyUyRiUzRnBvcnRmb2xpbyUzRGFwcGxpdG9waWEtY29tfHx8In0sIjgyODEzX2kiOnsic2luZ2xlX2xpbmsiOiJ1cmw6aHR0cCUzQSUyRiUyRndwZGV2MS5tYWNoaW5lcmlvdC5pbyUyRiUzRnBvcnRmb2xpbyUzRGFwcGxpdG9waWEtY29tfHx8In0sIjgyODE0X2kiOnsic2luZ2xlX2xpbmsiOiJ1cmw6aHR0cCUzQSUyRiUyRndwZGV2MS5tYWNoaW5lcmlvdC5pbyUyRiUzRnBvcnRmb2xpbyUzRGFwcGxpdG9waWEtY29tfHx8In19&#8243;][\/vc_column][\/vc_row][vc_row row_height_percent=&#8221;0&#8243; override_padding=&#8221;yes&#8221; h_padding=&#8221;2&#8243; top_padding=&#8221;6&#8243; bottom_padding=&#8221;1&#8243; overlay_alpha=&#8221;50&#8243; gutter_size=&#8221;3&#8243; column_width_percent=&#8221;100&#8243; shift_y=&#8221;0&#8243; z_index=&#8221;0&#8243;][vc_column column_width_percent=&#8221;100&#8243; align_horizontal=&#8221;align_center&#8221; gutter_size=&#8221;3&#8243; overlay_alpha=&#8221;50&#8243; shift_x=&#8221;0&#8243; shift_y=&#8221;0&#8243; shift_y_down=&#8221;0&#8243; z_index=&#8221;0&#8243; medium_width=&#8221;0&#8243; mobile_width=&#8221;0&#8243; width=&#8221;1\/1&#8243;][vc_custom_heading text_weight=&#8221;400&#8243;]Stajemy <strong><span style=\"color: #98c457;\">oko w oko<\/span><\/strong> z nowymi wyzwaniami[\/vc_custom_heading][\/vc_column][\/vc_row][vc_row row_height_percent=&#8221;0&#8243; override_padding=&#8221;yes&#8221; h_padding=&#8221;2&#8243; top_padding=&#8221;4&#8243; bottom_padding=&#8221;4&#8243; overlay_alpha=&#8221;50&#8243; gutter_size=&#8221;3&#8243; column_width_percent=&#8221;100&#8243; shift_y=&#8221;0&#8243; z_index=&#8221;0&#8243;][vc_column column_width_percent=&#8221;100&#8243; position_horizontal=&#8221;left&#8221; gutter_size=&#8221;3&#8243; overlay_alpha=&#8221;50&#8243; shift_x=&#8221;0&#8243; shift_y=&#8221;0&#8243; shift_y_down=&#8221;0&#8243; z_index=&#8221;0&#8243; medium_width=&#8221;0&#8243; mobile_width=&#8221;0&#8243; zoom_width=&#8221;0&#8243; zoom_height=&#8221;0&#8243; width=&#8221;1\/3&#8243;][vc_single_image media=&#8221;82914&#8243; media_width_percent=&#8221;20&#8243; media_ratio=&#8221;one-one&#8221; alignment=&#8221;center&#8221;][vc_custom_heading heading_semantic=&#8221;h4&#8243; text_size=&#8221;h4&#8243; text_uppercase=&#8221;&#8221; subheading=&#8221;\u015awie\u017cy, nowoczesny wygl\u0105d, pe\u0142na responsywno\u015b\u0107 na wszystkich przegl\u0105darkach, urz\u0105dzeniach, rozdzielczo\u015bciach &#8211; strony zrobione przez CameleonEye ZAWSZE WYGL\u0104DAJ\u0104 DOBRZE.&#8221;]Atrakcyjne i responsywne serwisy i portale internetowe, landing page[\/vc_custom_heading][\/vc_column][vc_column column_width_percent=&#8221;100&#8243; gutter_size=&#8221;3&#8243; overlay_alpha=&#8221;50&#8243; shift_x=&#8221;0&#8243; shift_y=&#8221;0&#8243; shift_y_down=&#8221;0&#8243; z_index=&#8221;0&#8243; medium_width=&#8221;0&#8243; mobile_width=&#8221;0&#8243; zoom_width=&#8221;0&#8243; zoom_height=&#8221;0&#8243; width=&#8221;1\/3&#8243;][vc_single_image media=&#8221;82914&#8243; media_width_percent=&#8221;20&#8243; media_ratio=&#8221;one-one&#8221; alignment=&#8221;center&#8221;][vc_custom_heading heading_semantic=&#8221;h4&#8243; text_size=&#8221;h4&#8243; text_uppercase=&#8221;&#8221; subheading=&#8221;Wdro\u017cenia typowych i nietypowych rozwi\u0105za\u0144 opartych o WooCommerce, projektowanie i modyfikacja designu., pe\u0142na konfiguracja, dostosowanie do nawet niestandardowych wymaga\u0144.&#8221;]Funkcjonalne, zoptymalizowane, wydajne sklepy internetowe[\/vc_custom_heading][\/vc_column][vc_column column_width_percent=&#8221;100&#8243; gutter_size=&#8221;3&#8243; overlay_alpha=&#8221;50&#8243; shift_x=&#8221;0&#8243; shift_y=&#8221;0&#8243; shift_y_down=&#8221;0&#8243; z_index=&#8221;0&#8243; medium_width=&#8221;0&#8243; mobile_width=&#8221;0&#8243; zoom_width=&#8221;0&#8243; zoom_height=&#8221;0&#8243; width=&#8221;1\/3&#8243;][vc_single_image media=&#8221;82914&#8243; media_width_percent=&#8221;20&#8243; media_ratio=&#8221;one-one&#8221; alignment=&#8221;center&#8221;][vc_custom_heading heading_semantic=&#8221;h4&#8243; text_size=&#8221;h4&#8243; text_uppercase=&#8221;&#8221; subheading=&#8221;CameleonEye dostarczy ca\u0142y projekt wraz z realizacj\u0105 &#8211; od pomys\u0142u, przez mockup i projekt, po gotow\u0105 stron\u0119 czy sklep.<br \/>\n&#8222;Zaprojektuj i zbuduj&#8222;&#8230; ale r\u00f3wnie\u017c &#8222;przebuduj&#8222;. Potrzebujesz, by zmodernizowa\u0107 istniej\u0105cy serwis? Odezwij si\u0119 do nas.&#8221;]&#8221;Zaprojektuj i zbuduj&#8221;[\/vc_custom_heading][\/vc_column][\/vc_row][vc_row row_height_percent=&#8221;0&#8243; override_padding=&#8221;yes&#8221; h_padding=&#8221;2&#8243; top_padding=&#8221;2&#8243; bottom_padding=&#8221;0&#8243; overlay_alpha=&#8221;50&#8243; gutter_size=&#8221;3&#8243; column_width_percent=&#8221;100&#8243; shift_y=&#8221;0&#8243; z_index=&#8221;0&#8243;][vc_column column_width_percent=&#8221;100&#8243; gutter_size=&#8221;3&#8243; overlay_alpha=&#8221;50&#8243; shift_x=&#8221;0&#8243; shift_y=&#8221;0&#8243; medium_width=&#8221;0&#8243; zoom_width=&#8221;0&#8243; zoom_height=&#8221;0&#8243; width=&#8221;1\/1&#8243;][vc_gallery el_id=&#8221;gallery-85457&#8243; type=&#8221;carousel&#8221; medias=&#8221;82737,82710,82717,82758,82724,82679,82675,82680,82681,82682,82685,82687,82689,82690,82766&#8243; carousel_lg=&#8221;7&#8243; carousel_md=&#8221;5&#8243; carousel_sm=&#8221;3&#8243; thumb_size=&#8221;three-two&#8221; gutter_size=&#8221;3&#8243; media_items=&#8221;media|nolink|original,icon&#8221; carousel_interval=&#8221;3000&#8243; carousel_navspeed=&#8221;200&#8243; carousel_loop=&#8221;yes&#8221; stage_padding=&#8221;0&#8243; single_overlay_opacity=&#8221;50&#8243; single_overlay_anim=&#8221;no&#8221; single_text_anim=&#8221;no&#8221; single_image_coloration=&#8221;desaturated&#8221; single_image_anim=&#8221;no&#8221; single_padding=&#8221;2&#8243; single_border=&#8221;yes&#8221; title=&#8221;Client Carousel&#8221;][\/vc_column][\/vc_row][vc_row][vc_column width=&#8221;1\/1&#8243;][\/vc_column][\/vc_row][vc_row row_height_percent=&#8221;0&#8243; override_padding=&#8221;yes&#8221; h_padding=&#8221;2&#8243; top_padding=&#8221;4&#8243; bottom_padding=&#8221;4&#8243; back_color=&#8221;color-514504&#8243; overlay_alpha=&#8221;50&#8243; gutter_size=&#8221;3&#8243; column_width_percent=&#8221;100&#8243; shift_y=&#8221;0&#8243; z_index=&#8221;0&#8243;][vc_column column_width_percent=&#8221;100&#8243; align_horizontal=&#8221;align_center&#8221; gutter_size=&#8221;4&#8243; style=&#8221;dark&#8221; overlay_alpha=&#8221;50&#8243; shift_x=&#8221;0&#8243; shift_y=&#8221;0&#8243; shift_y_down=&#8221;0&#8243; z_index=&#8221;0&#8243; medium_width=&#8221;0&#8243; mobile_width=&#8221;0&#8243; width=&#8221;1\/1&#8243;][vc_custom_heading text_weight=&#8221;300&#8243;]Je\u015bli potrzebujesz strony, sklepu, aplikacji i <strong><span style=\"color: #98c457;\"> wpad\u0142y Ci w oko<\/span><\/strong> nasze projekty, napisz. Dogadamy si\u0119.[\/vc_custom_heading][vc_icon icon=&#8221;fa fa-envelope3&#8243; icon_color=&#8221;color-887866&#8243; background_style=&#8221;fa-rounded&#8221; size=&#8221;fa-2x&#8221; icon_automatic=&#8221;yes&#8221; text_weight=&#8221;300&#8243; css_animation=&#8221;zoom-in&#8221; title=&#8221;kontakt@cameleoneye.com&#8221; link=&#8221;url:mailto%3Akontakt%40cameleoneye.com|||&#8221;][\/vc_icon][\/vc_column][\/vc_row]<\/p>\n","protected":false},"excerpt":{"rendered":"<p>[vc_row unlock_row=&#8221;&#8221; row_height_percent=&#8221;0&#8243; override_padding=&#8221;yes&#8221; h_padding=&#8221;2&#8243; top_padding=&#8221;3&#8243; bottom_padding=&#8221;0&#8243; overlay_alpha=&#8221;50&#8243; gutter_size=&#8221;3&#8243; column_width_percent=&#8221;100&#8243; shift_y=&#8221;0&#8243; z_index=&#8221;0&#8243;][vc_column column_width_percent=&#8221;100&#8243; align_horizontal=&#8221;align_center&#8221; gutter_size=&#8221;3&#8243; overlay_alpha=&#8221;50&#8243; shift_x=&#8221;0&#8243; shift_y=&#8221;0&#8243; shift_y_down=&#8221;0&#8243; z_index=&#8221;0&#8243; [&hellip;]<\/p>\n","protected":false},"author":1,"featured_media":78613,"parent":0,"menu_order":0,"comment_status":"open","ping_status":"closed","template":"","meta":{"footnotes":""},"class_list":["post-82606","page","type-page","status-publish","has-post-thumbnail","hentry","page_category-portfolio"],"_links":{"self":[{"href":"https:\/\/cameleoneye.com\/index.php?rest_route=\/wp\/v2\/pages\/82606","targetHints":{"allow":["GET"]}}],"collection":[{"href":"https:\/\/cameleoneye.com\/index.php?rest_route=\/wp\/v2\/pages"}],"about":[{"href":"https:\/\/cameleoneye.com\/index.php?rest_route=\/wp\/v2\/types\/page"}],"author":[{"embeddable":true,"href":"https:\/\/cameleoneye.com\/index.php?rest_route=\/wp\/v2\/users\/1"}],"replies":[{"embeddable":true,"href":"https:\/\/cameleoneye.com\/index.php?rest_route=%2Fwp%2Fv2%2Fcomments&post=82606"}],"version-history":[{"count":109,"href":"https:\/\/cameleoneye.com\/index.php?rest_route=\/wp\/v2\/pages\/82606\/revisions"}],"predecessor-version":[{"id":82944,"href":"https:\/\/cameleoneye.com\/index.php?rest_route=\/wp\/v2\/pages\/82606\/revisions\/82944"}],"wp:featuredmedia":[{"embeddable":true,"href":"https:\/\/cameleoneye.com\/index.php?rest_route=\/wp\/v2\/media\/78613"}],"wp:attachment":[{"href":"https:\/\/cameleoneye.com\/index.php?rest_route=%2Fwp%2Fv2%2Fmedia&parent=82606"}],"curies":[{"name":"wp","href":"https:\/\/api.w.org\/{rel}","templated":true}]}}